{"id":7668,"date":"2022-10-28T13:11:03","date_gmt":"2022-10-28T11:11:03","guid":{"rendered":"https:\/\/hydronic-solutions.eazy-systems.de\/dev\/sustainability\/"},"modified":"2023-05-10T15:45:38","modified_gmt":"2023-05-10T13:45:38","slug":"sustainability","status":"publish","type":"page","link":"https:\/\/eazy-hydronic-solutions.com\/pt-br\/sustainability\/","title":{"rendered":"Sustentabilidade"},"content":{"rendered":"\t\t<div data-elementor-type=\"wp-page\" data-elementor-id=\"7668\" class=\"elementor elementor-7668 elementor-557\" data-elementor-post-type=\"page\">\n\t\t\t\t\t\t<section data-particle_enable=\"false\" data-particle-mobile-disabled=\"false\" class=\"elementor-section elementor-top-section elementor-element elementor-element-02bd268 elementor-section-content-middle elementor-section-boxed elementor-section-height-default elementor-section-height-default\" data-id=\"02bd268\" data-element_type=\"section\" data-settings=\"{&quot;background_background&quot;:&quot;classic&quot;}\">\n\t\t\t\t\t\t<div class=\"elementor-container elementor-column-gap-custom\">\n\t\t\t\t\t<div class=\"elementor-column elementor-col-50 elementor-top-column elementor-element elementor-element-d6e1afd\" data-id=\"d6e1afd\" data-element_type=\"column\">\n\t\t\t<div class=\"elementor-widget-wrap elementor-element-populated\">\n\t\t\t\t\t\t<div class=\"elementor-element elementor-element-f3ee2d4 elementor-widget elementor-widget-heading\" data-id=\"f3ee2d4\" data-element_type=\"widget\" data-widget_type=\"heading.default\">\n\t\t\t\t<div class=\"elementor-widget-container\">\n\t\t\t\t\t<h1 class=\"elementor-heading-title elementor-size-default\">Responsabilidade<\/h1>\t\t\t\t<\/div>\n\t\t\t\t<\/div>\n\t\t\t\t<div class=\"elementor-element elementor-element-93a91c7 elementor-widget elementor-widget-heading\" data-id=\"93a91c7\" data-element_type=\"widget\" data-widget_type=\"heading.default\">\n\t\t\t\t<div class=\"elementor-widget-container\">\n\t\t\t\t\t<h2 class=\"elementor-heading-title elementor-size-default\">para todos n\u00f3s<\/h2>\t\t\t\t<\/div>\n\t\t\t\t<\/div>\n\t\t\t\t\t<\/div>\n\t\t<\/div>\n\t\t\t\t<div class=\"elementor-column elementor-col-50 elementor-top-column elementor-element elementor-element-f5a2b41\" data-id=\"f5a2b41\" data-element_type=\"column\">\n\t\t\t<div class=\"elementor-widget-wrap\">\n\t\t\t\t\t\t\t<\/div>\n\t\t<\/div>\n\t\t\t\t\t<\/div>\n\t\t<\/section>\n\t\t<div data-particle_enable=\"false\" data-particle-mobile-disabled=\"false\" class=\"elementor-element elementor-element-f6f43c4 e-flex e-con-boxed e-con e-parent\" data-id=\"f6f43c4\" data-element_type=\"container\">\n\t\t\t\t\t<div class=\"e-con-inner\">\n\t\t\t\t<div class=\"elementor-element elementor-element-f284f05 elementor-widget elementor-widget-spacer\" data-id=\"f284f05\" data-element_type=\"widget\" data-widget_type=\"spacer.default\">\n\t\t\t\t<div class=\"elementor-widget-container\">\n\t\t\t\t\t\t\t<div class=\"elementor-spacer\">\n\t\t\t<div class=\"elementor-spacer-inner\"><\/div>\n\t\t<\/div>\n\t\t\t\t\t\t<\/div>\n\t\t\t\t<\/div>\n\t\t\t\t\t<\/div>\n\t\t\t\t<\/div>\n\t\t<div data-particle_enable=\"false\" data-particle-mobile-disabled=\"false\" class=\"elementor-element elementor-element-e214a8a e-flex e-con-boxed e-con e-parent\" data-id=\"e214a8a\" data-element_type=\"container\">\n\t\t\t\t\t<div class=\"e-con-inner\">\n\t\t<div data-particle_enable=\"false\" data-particle-mobile-disabled=\"false\" class=\"elementor-element elementor-element-227220b e-con-full e-flex e-con e-child\" data-id=\"227220b\" data-element_type=\"container\">\n\t\t\t\t<div class=\"elementor-element elementor-element-7173120 elementor-widget elementor-widget-image\" data-id=\"7173120\" data-element_type=\"widget\" data-widget_type=\"image.default\">\n\t\t\t\t<div class=\"elementor-widget-container\">\n\t\t\t\t\t\t\t\t\t\t\t\t\t\t\t<img fetchpriority=\"high\" decoding=\"async\" width=\"800\" height=\"559\" src=\"https:\/\/eazy-hydronic-solutions.com\/wp-content\/uploads\/2022\/07\/Nachaltigkeit-1024x715.png\" class=\"attachment-large size-large wp-image-11520\" alt=\"\" srcset=\"https:\/\/eazy-hydronic-solutions.com\/wp-content\/uploads\/2022\/07\/Nachaltigkeit-1024x715.png 1024w, https:\/\/eazy-hydronic-solutions.com\/wp-content\/uploads\/2022\/07\/Nachaltigkeit-300x209.png 300w, https:\/\/eazy-hydronic-solutions.com\/wp-content\/uploads\/2022\/07\/Nachaltigkeit-768x536.png 768w, https:\/\/eazy-hydronic-solutions.com\/wp-content\/uploads\/2022\/07\/Nachaltigkeit-1536x1072.png 1536w, https:\/\/eazy-hydronic-solutions.com\/wp-content\/uploads\/2022\/07\/Nachaltigkeit-2048x1429.png 2048w\" sizes=\"(max-width: 800px) 100vw, 800px\" \/>\t\t\t\t\t\t\t\t\t\t\t\t\t\t\t<\/div>\n\t\t\t\t<\/div>\n\t\t\t\t<\/div>\n\t\t<div data-particle_enable=\"false\" data-particle-mobile-disabled=\"false\" class=\"elementor-element elementor-element-66c3a84 e-con-full e-flex e-con e-child\" data-id=\"66c3a84\" data-element_type=\"container\">\n\t\t\t\t<div class=\"elementor-element elementor-element-fe5d757 elementor-widget elementor-widget-text-editor\" data-id=\"fe5d757\" data-element_type=\"widget\" data-widget_type=\"text-editor.default\">\n\t\t\t\t<div class=\"elementor-widget-container\">\n\t\t\t\t\t\t\t\t\t<p>A M\u00f6hlenhoff GmbH tem sido bem sucedida durante anos com produtos e servi\u00e7os virados para o futuro. Mas a nossa tarefa empresarial n\u00e3o se limita a alcan\u00e7ar o sucesso econ\u00f3mico. Um princ\u00edpio firmemente ancorado no nosso sistema de valores \u00e9 que o desenvolvimento empresarial bem sucedido a longo prazo ocorre sempre em harmonia com as pessoas e o ambiente.<\/p><p>\u00a0<\/p><p>Ao longo de todo o ciclo de vida do produto &#8211; desde o desenvolvimento, passando pela produ\u00e7\u00e3o e os processos associados, a log\u00edstica at\u00e9 \u00e0 elimina\u00e7\u00e3o &#8211; preocupamo-nos conscientemente em minimizar o impacto ambiental.<\/p><p>\u00a0<\/p><p><strong>O nosso objectivo \u00e9 a utiliza\u00e7\u00e3o inteligente de materiais e energia, bem como a prossecu\u00e7\u00e3o do princ\u00edpio &#8220;cradle-to-cradle&#8221; e, consequentemente, a conserva\u00e7\u00e3o cont\u00ednua dos recursos.<\/strong><\/p><p>\u00a0<\/p><p>Com a utiliza\u00e7\u00e3o sustent\u00e1vel da nossa natureza, assumimos activamente a nossa responsabilidade empresarial e criamos valor para as nossas e futuras gera\u00e7\u00f5es.<\/p>\t\t\t\t\t\t\t\t<\/div>\n\t\t\t\t<\/div>\n\t\t\t\t<\/div>\n\t\t\t\t\t<\/div>\n\t\t\t\t<\/div>\n\t\t<div data-particle_enable=\"false\" data-particle-mobile-disabled=\"false\" class=\"elementor-element elementor-element-9425471 e-flex e-con-boxed e-con e-parent\" data-id=\"9425471\" data-element_type=\"container\">\n\t\t\t\t\t<div class=\"e-con-inner\">\n\t\t\t\t<div class=\"elementor-element elementor-element-8c270b3 elementor-widget elementor-widget-spacer\" data-id=\"8c270b3\" data-element_type=\"widget\" data-widget_type=\"spacer.default\">\n\t\t\t\t<div class=\"elementor-widget-container\">\n\t\t\t\t\t\t\t<div class=\"elementor-spacer\">\n\t\t\t<div class=\"elementor-spacer-inner\"><\/div>\n\t\t<\/div>\n\t\t\t\t\t\t<\/div>\n\t\t\t\t<\/div>\n\t\t\t\t\t<\/div>\n\t\t\t\t<\/div>\n\t\t\t\t<\/div>\n\t\t","protected":false},"excerpt":{"rendered":"<p>Responsabilidade para todos n\u00f3s A M\u00f6hlenhoff GmbH tem sido bem sucedida durante anos com produtos e servi\u00e7os virados para o futuro. Mas a nossa tarefa empresarial n\u00e3o se limita a alcan\u00e7ar o sucesso econ\u00f3mico. Um princ\u00edpio firmemente ancorado no nosso sistema de valores \u00e9 que o desenvolvimento empresarial bem sucedido a longo prazo ocorre sempre [&hellip;]<\/p>\n","protected":false},"author":4,"featured_media":0,"parent":0,"menu_order":0,"comment_status":"closed","ping_status":"closed","template":"","meta":{"footnotes":""},"class_list":["post-7668","page","type-page","status-publish","hentry"],"_links":{"self":[{"href":"https:\/\/eazy-hydronic-solutions.com\/pt-br\/wp-json\/wp\/v2\/pages\/7668","targetHints":{"allow":["GET"]}}],"collection":[{"href":"https:\/\/eazy-hydronic-solutions.com\/pt-br\/wp-json\/wp\/v2\/pages"}],"about":[{"href":"https:\/\/eazy-hydronic-solutions.com\/pt-br\/wp-json\/wp\/v2\/types\/page"}],"author":[{"embeddable":true,"href":"https:\/\/eazy-hydronic-solutions.com\/pt-br\/wp-json\/wp\/v2\/users\/4"}],"replies":[{"embeddable":true,"href":"https:\/\/eazy-hydronic-solutions.com\/pt-br\/wp-json\/wp\/v2\/comments?post=7668"}],"version-history":[{"count":0,"href":"https:\/\/eazy-hydronic-solutions.com\/pt-br\/wp-json\/wp\/v2\/pages\/7668\/revisions"}],"wp:attachment":[{"href":"https:\/\/eazy-hydronic-solutions.com\/pt-br\/wp-json\/wp\/v2\/media?parent=7668"}],"curies":[{"name":"wp","href":"https:\/\/api.w.org\/{rel}","templated":true}]}}