{"id":7665,"date":"2022-10-28T13:11:05","date_gmt":"2022-10-28T11:11:05","guid":{"rendered":"https:\/\/hydronic-solutions.eazy-systems.de\/dev\/privacy\/"},"modified":"2023-07-10T11:27:55","modified_gmt":"2023-07-10T09:27:55","slug":"privacy","status":"publish","type":"page","link":"https:\/\/eazy-hydronic-solutions.com\/pt-br\/privacy\/","title":{"rendered":"Prote\u00e7\u00e3o de dados"},"content":{"rendered":"\t\t<div data-elementor-type=\"wp-page\" data-elementor-id=\"7665\" class=\"elementor elementor-7665 elementor-563\" data-elementor-post-type=\"page\">\n\t\t\t\t\t\t<section data-particle_enable=\"false\" data-particle-mobile-disabled=\"false\" class=\"elementor-section elementor-top-section elementor-element elementor-element-3615d25 elementor-section-boxed elementor-section-height-default elementor-section-height-default\" data-id=\"3615d25\" data-element_type=\"section\">\n\t\t\t\t\t\t<div class=\"elementor-container elementor-column-gap-default\">\n\t\t\t\t\t<div class=\"elementor-column elementor-col-100 elementor-top-column elementor-element elementor-element-7fe28cd\" data-id=\"7fe28cd\" data-element_type=\"column\">\n\t\t\t<div class=\"elementor-widget-wrap elementor-element-populated\">\n\t\t\t\t\t\t<div class=\"elementor-element elementor-element-36df5a9 elementor-widget elementor-widget-spacer\" data-id=\"36df5a9\" data-element_type=\"widget\" data-widget_type=\"spacer.default\">\n\t\t\t\t<div class=\"elementor-widget-container\">\n\t\t\t\t\t\t\t<div class=\"elementor-spacer\">\n\t\t\t<div class=\"elementor-spacer-inner\"><\/div>\n\t\t<\/div>\n\t\t\t\t\t\t<\/div>\n\t\t\t\t<\/div>\n\t\t\t\t<div class=\"elementor-element elementor-element-2b69fac elementor-widget elementor-widget-heading\" data-id=\"2b69fac\" data-element_type=\"widget\" data-widget_type=\"heading.default\">\n\t\t\t\t<div class=\"elementor-widget-container\">\n\t\t\t\t\t<h2 class=\"elementor-heading-title elementor-size-default\">Prote\u00e7\u00e3o de dados<\/h2>\t\t\t\t<\/div>\n\t\t\t\t<\/div>\n\t\t\t\t<div class=\"elementor-element elementor-element-e45c15f elementor-widget elementor-widget-text-editor\" data-id=\"e45c15f\" data-element_type=\"widget\" data-widget_type=\"text-editor.default\">\n\t\t\t\t<div class=\"elementor-widget-container\">\n\t\t\t\t\t\t\t\t\t<p>A M\u00f6hlenhoff GmbH \u00e9 respons\u00e1vel pela recolha, processamento e utiliza\u00e7\u00e3o dos seus dados pessoais, na ace\u00e7\u00e3o da Lei Federal de Prote\u00e7\u00e3o de Dados e da Lei Telemedia<br> Museumstr. 54a<br> 38229 Salzgitter<br> +49 53 41 \/ 8475-0<br> Telefax 0 53 41 \/ 8475-999<br> E-Mail: <a href=\"mailto:kontakt@moehlenhoff.de\">kontakt@moehlenhoff.de<\/a><br> Internet: <a href=\"http:\/\/www.moehlenhoff.com\" target=\"_blank\">www.moehlenhoff.com<\/a><\/p>\n<p><br><\/p>\n<p>Com esta pol\u00edtica de privacidade, informamos quais dados pessoais armazenamos e como os usamos. Voc\u00ea tamb\u00e9m descobrir\u00e1 quais direitos voc\u00ea tem em rela\u00e7\u00e3o ao uso de seus dados. <\/p>\n<p>The use of our website is generally possible without providing personal data. A recolha de dados pessoais (como nome, morada ou endere\u00e7os de correio eletr\u00f3nico) nas nossas p\u00e1ginas \u00e9 sempre volunt\u00e1ria, por exemplo, para a nossa newsletter ou para o formul\u00e1rio de contacto. Estes dados n\u00e3o ser\u00e3o transmitidos a terceiros sem o seu consentimento expresso e ser\u00e3o utilizados apenas para a comunica\u00e7\u00e3o direta entre si e a M\u00f6hlenhoff GmbH.<\/p>\n<p>Voc\u00ea pode solicitar seus dados armazenados a qualquer momento e exclu\u00ed-los, se desejar. Gostar\u00edamos de salientar que a transmiss\u00e3o de dados na Internet (por exemplo, ao se comunicar por e-mail) pode ter falhas de seguran\u00e7a. Uma prote\u00e7\u00e3o completa dos dados contra o acesso de terceiros n\u00e3o \u00e9 poss\u00edvel.  <\/p>\n<p><strong><br><\/strong><\/p>\n<p><strong>Newsletter<\/strong><br>Para receber a nossa newsletter, \u00e9 necess\u00e1rio o seu endere\u00e7o de correio eletr\u00f3nico. Todos os outros dados pessoais s\u00e3o volunt\u00e1rios e servem apenas para personalizar a newsletter. Antes de enviar a newsletter, tem de nos confirmar expressamente que devemos ativar o servi\u00e7o de newsletter para si, no \u00e2mbito do chamado procedimento de double opt-in. Receber\u00e1 ent\u00e3o um e-mail de confirma\u00e7\u00e3o da nossa parte, pedindo-lhe que clique na liga\u00e7\u00e3o contida nesse e-mail e confirme que deseja receber a nossa newsletter. No final de cada newsletter encontrar\u00e1 uma liga\u00e7\u00e3o para cancelar a subscri\u00e7\u00e3o da newsletter em qualquer altura. Tamb\u00e9m pode anular a sua subscri\u00e7\u00e3o atrav\u00e9s de uma breve mensagem de correio eletr\u00f3nico para <a href=\"mailto:websupport@moehlenhoff.de\">websupport@moehlenhoff.de<\/a><\/p>\n<p>Seu endere\u00e7o de e-mail ser\u00e1 usado apenas por n\u00f3s e n\u00e3o ser\u00e1 repassado a terceiros.<\/p>\n<p><strong><br><\/strong><\/p>\n<p><strong>Google Analytics<\/strong><\/p>\n<p>Este site usa o Google Analytics, um servi\u00e7o de an\u00e1lise da web fornecido pelo Google Inc. (&#8220;Google&#8221;). &#8220;Cookies&#8221; s\u00e3o ficheiros de texto que s\u00e3o armazenados no seu computador e que lhe permitem analisar a sua utiliza\u00e7\u00e3o do website. As informa\u00e7\u00f5es geradas pelo cookie sobre o seu uso deste site geralmente s\u00e3o transmitidas para um servidor do Google nos EUA e armazenadas l\u00e1. No entanto, se a anonimiza\u00e7\u00e3o de IP for ativada neste site, seu endere\u00e7o IP ser\u00e1 reduzido pelo Google dentro dos estados membros da Uni\u00e3o Europeia ou em outros estados contratantes do Acordo do Espa\u00e7o Econ\u00f4mico Europeu. Somente em casos excepcionais o endere\u00e7o IP completo ser\u00e1 transmitido para um servidor do Google nos EUA e encurtado l\u00e1. Em nome do operador deste site, a Google usar\u00e1 essas informa\u00e7\u00f5es para avaliar seu uso do site, compilar relat\u00f3rios sobre atividades do site e fornecer outros servi\u00e7os relacionados ao uso do site e ao uso da Internet para o operador do site. O endere\u00e7o IP transmitido pelo seu navegador como parte do Google Analytics n\u00e3o \u00e9 mesclado com outros dados do Google. Voc\u00ea pode impedir o armazenamento de cookies definindo o software do seu navegador de acordo; no entanto, gostar\u00edamos de salientar que, neste caso, voc\u00ea pode n\u00e3o ser capaz de usar plenamente todas as fun\u00e7\u00f5es deste site.       <\/p>\n<p>Voc\u00ea tamb\u00e9m pode impedir a coleta dos dados gerados pelo cookie e relacionados ao seu uso do site (incluindo seu endere\u00e7o IP) para o Google e o processamento desses dados pelo Google clicando no link a seguir (http:\/\/tools.google.com\/dlpage\/gaoptout?hl=de) baixar e instalar o plugin do navegador dispon\u00edvel. Voc\u00ea pode impedir a coleta pelo Google Analytics clicando no link a seguir. Um cookie opt-out \u00e9 definido que impede a coleta futura de seus dados ao visitar este site: [google_analytics_optout] <wpcode wptype=\"\">Clique aqui para opt-out.[\/] [\/google_analytics_optout]   <\/p>\n<p>Mais informa\u00e7\u00f5es sobre termos de uso e prote\u00e7\u00e3o de dados podem ser encontradas em <a href=\"http:\/\/www.google.com\/analytics\/terms\/de.html\">http:\/\/www.google.com\/analytics\/terms\/de.html<\/a> ou. <a href=\"\">https:\/\/www.google.de\/intl\/de\/policies\/<\/a>.We gostaria de salientar que o Google Analytics foi estendido ao c\u00f3digo &#8220;anonymizeIp&#8221; neste site, a fim de garantir o registro an\u00f4nimo de endere\u00e7os IP (o chamado mascaramento de IP). Tamb\u00e9m usamos o Google Analytics para avaliar dados do AdWords e do cookie de duplo clique para fins estat\u00edsticos. Se voc\u00ea n\u00e3o quiser isso, voc\u00ea pode desativ\u00e1-lo atrav\u00e9s do Ad Preferences Manager (<a href=\"\">http:\/\/www.google.com\/settings\/ads\/onweb\/?hl=de<\/a>)  <\/p>\n<p><strong><br><\/strong><\/p>\n<p><strong>Redes sociais<\/strong><\/p>\n<p>Os bot\u00f5es das redes sociais, como Facebook, LinkedIn ou outras, s\u00e3o apenas liga\u00e7\u00f5es para os perfis da M\u00f6hlenhoff. Os dados pessoais n\u00e3o s\u00e3o a\u00ed recolhidos.<\/p>\t\t\t\t\t\t\t\t<\/div>\n\t\t\t\t<\/div>\n\t\t\t\t<div class=\"elementor-element elementor-element-0caa278 elementor-widget elementor-widget-spacer\" data-id=\"0caa278\" data-element_type=\"widget\" data-widget_type=\"spacer.default\">\n\t\t\t\t<div class=\"elementor-widget-container\">\n\t\t\t\t\t\t\t<div class=\"elementor-spacer\">\n\t\t\t<div class=\"elementor-spacer-inner\"><\/div>\n\t\t<\/div>\n\t\t\t\t\t\t<\/div>\n\t\t\t\t<\/div>\n\t\t\t\t\t<\/div>\n\t\t<\/div>\n\t\t\t\t\t<\/div>\n\t\t<\/section>\n\t\t\t\t<\/div>\n\t\t","protected":false},"excerpt":{"rendered":"<p>Prote\u00e7\u00e3o de dados A M\u00f6hlenhoff GmbH \u00e9 respons\u00e1vel pela recolha, processamento e utiliza\u00e7\u00e3o dos seus dados pessoais, na ace\u00e7\u00e3o da Lei Federal de Prote\u00e7\u00e3o de Dados e da Lei Telemedia Museumstr. 54a 38229 Salzgitter +49 53 41 \/ 8475-0 Telefax 0 53 41 \/ 8475-999 E-Mail: kontakt@moehlenhoff.de Internet: www.moehlenhoff.com Com esta pol\u00edtica de privacidade, informamos [&hellip;]<\/p>\n","protected":false},"author":4,"featured_media":0,"parent":0,"menu_order":0,"comment_status":"closed","ping_status":"closed","template":"","meta":{"footnotes":""},"class_list":["post-7665","page","type-page","status-publish","hentry"],"_links":{"self":[{"href":"https:\/\/eazy-hydronic-solutions.com\/pt-br\/wp-json\/wp\/v2\/pages\/7665","targetHints":{"allow":["GET"]}}],"collection":[{"href":"https:\/\/eazy-hydronic-solutions.com\/pt-br\/wp-json\/wp\/v2\/pages"}],"about":[{"href":"https:\/\/eazy-hydronic-solutions.com\/pt-br\/wp-json\/wp\/v2\/types\/page"}],"author":[{"embeddable":true,"href":"https:\/\/eazy-hydronic-solutions.com\/pt-br\/wp-json\/wp\/v2\/users\/4"}],"replies":[{"embeddable":true,"href":"https:\/\/eazy-hydronic-solutions.com\/pt-br\/wp-json\/wp\/v2\/comments?post=7665"}],"version-history":[{"count":3,"href":"https:\/\/eazy-hydronic-solutions.com\/pt-br\/wp-json\/wp\/v2\/pages\/7665\/revisions"}],"predecessor-version":[{"id":12713,"href":"https:\/\/eazy-hydronic-solutions.com\/pt-br\/wp-json\/wp\/v2\/pages\/7665\/revisions\/12713"}],"wp:attachment":[{"href":"https:\/\/eazy-hydronic-solutions.com\/pt-br\/wp-json\/wp\/v2\/media?parent=7665"}],"curies":[{"name":"wp","href":"https:\/\/api.w.org\/{rel}","templated":true}]}}