{"id":7653,"date":"2022-10-28T13:11:04","date_gmt":"2022-10-28T11:11:04","guid":{"rendered":"https:\/\/hydronic-solutions.eazy-systems.de\/dev\/legal-notice\/"},"modified":"2023-09-26T13:55:49","modified_gmt":"2023-09-26T11:55:49","slug":"legal-notice","status":"publish","type":"page","link":"https:\/\/eazy-hydronic-solutions.com\/pt-br\/legal-notice\/","title":{"rendered":"Aviso legal"},"content":{"rendered":"\t\t<div data-elementor-type=\"wp-page\" data-elementor-id=\"7653\" class=\"elementor elementor-7653 elementor-561\" data-elementor-post-type=\"page\">\n\t\t\t\t\t\t<section data-particle_enable=\"false\" data-particle-mobile-disabled=\"false\" class=\"elementor-section elementor-top-section elementor-element elementor-element-fb7474d elementor-section-boxed elementor-section-height-default elementor-section-height-default\" data-id=\"fb7474d\" data-element_type=\"section\">\n\t\t\t\t\t\t<div class=\"elementor-container elementor-column-gap-default\">\n\t\t\t\t\t<div class=\"elementor-column elementor-col-100 elementor-top-column elementor-element elementor-element-d7a8500\" data-id=\"d7a8500\" data-element_type=\"column\">\n\t\t\t<div class=\"elementor-widget-wrap elementor-element-populated\">\n\t\t\t\t\t\t<div class=\"elementor-element elementor-element-c7f5aed elementor-widget elementor-widget-spacer\" data-id=\"c7f5aed\" data-element_type=\"widget\" data-widget_type=\"spacer.default\">\n\t\t\t\t<div class=\"elementor-widget-container\">\n\t\t\t\t\t\t\t<div class=\"elementor-spacer\">\n\t\t\t<div class=\"elementor-spacer-inner\"><\/div>\n\t\t<\/div>\n\t\t\t\t\t\t<\/div>\n\t\t\t\t<\/div>\n\t\t\t\t<div class=\"elementor-element elementor-element-ef2041f elementor-widget elementor-widget-heading\" data-id=\"ef2041f\" data-element_type=\"widget\" data-widget_type=\"heading.default\">\n\t\t\t\t<div class=\"elementor-widget-container\">\n\t\t\t\t\t<h2 class=\"elementor-heading-title elementor-size-default\">Aviso legal<\/h2>\t\t\t\t<\/div>\n\t\t\t\t<\/div>\n\t\t\t\t<div class=\"elementor-element elementor-element-4e6244c elementor-widget elementor-widget-text-editor\" data-id=\"4e6244c\" data-element_type=\"widget\" data-widget_type=\"text-editor.default\">\n\t\t\t\t<div class=\"elementor-widget-container\">\n\t\t\t\t\t\t\t\t\t<p><strong>M\u00f6hlenhoff GmbH<\/strong><br \/>Museumstr. 54a<br \/>38229 Salzgitter<br \/><a href=\"mailto:info@eazy-systems.de\">info@eazy-hydronic-solutions.com<\/a><\/p><p>\u00a0<\/p><p>Authorized managing directors: Frank Geburek <br \/>Responsible for the website: Frank Geburek<\/p><p><strong>\u00a0<\/strong><\/p><p><strong>EAZY Hydronic Solutions <\/strong>is a brand of M\u00f6hlenhoff GmbH<\/p><p><strong><br \/>Register court: <\/strong>District court Salzgitter<strong><br \/><\/strong><\/p><p><strong>Registration number: <\/strong>HRB 6042<\/p><p>VAT &#8211; identification number according to section 27a UStG: DE116880420<\/p><p>\u00a0<\/p><p><strong>Endere\u00e7o<\/strong><br \/>Escritorio Hildesheim<br \/>Hindenburgplatz 20<br \/>DE-31134 Hildesheim<\/p><p><strong>\u00a0<\/strong><\/p><p><strong>Responsabilidade por links<\/strong><br \/>Nossa oferta cont\u00e9m links para sites externos de terceiros em cujo conte\u00fado n\u00e3o temos influ\u00eancia. Portanto, n\u00e3o podemos assumir qualquer responsabilidade por este conte\u00fado externo. O respectivo provedor ou operador das p\u00e1ginas \u00e9 sempre respons\u00e1vel pelo conte\u00fado das p\u00e1ginas vinculadas. As p\u00e1ginas ligadas foram verificadas quanto a poss\u00edveis viola\u00e7\u00f5es legais no momento da liga\u00e7\u00e3o. O conte\u00fado ilegal n\u00e3o era reconhec\u00edvel na altura da liga\u00e7\u00e3o. No entanto, um controle permanente do conte\u00fado das p\u00e1ginas vinculadas n\u00e3o \u00e9 razo\u00e1vel sem indica\u00e7\u00f5es concretas de viola\u00e7\u00e3o da lei. Removeremos esses links assim que eles forem conhecidos<\/p><p><strong>\u00a0<\/strong><\/p><p><strong>Direitos autorais<\/strong> <br \/>O conte\u00fado e os trabalhos nestas p\u00e1ginas criados pelos operadores do site est\u00e3o sujeitos aos direitos de autor alem\u00e3es. A duplica\u00e7\u00e3o, processamento, distribui\u00e7\u00e3o e qualquer tipo de explora\u00e7\u00e3o fora dos limites dos direitos autorais exigem o consentimento por escrito do respectivo autor ou criador. Downloads e c\u00f3pias deste site s\u00f3 s\u00e3o permitidos para uso privado e n\u00e3o comercial. Na medida em que o conte\u00fado desta p\u00e1gina n\u00e3o foi criado pelo operador, os direitos autorais de terceiros s\u00e3o observados. Em particular, o conte\u00fado de terceiros \u00e9 marcado como tal. No entanto, se voc\u00ea tomar conhecimento de uma viola\u00e7\u00e3o de direitos autorais, notifique-nos de acordo. Removeremos imediatamente esse conte\u00fado se tomarmos conhecimento de infra\u00e7\u00f5es.<\/p>\t\t\t\t\t\t\t\t<\/div>\n\t\t\t\t<\/div>\n\t\t\t\t<div class=\"elementor-element elementor-element-4c1675d elementor-widget elementor-widget-spacer\" data-id=\"4c1675d\" data-element_type=\"widget\" data-widget_type=\"spacer.default\">\n\t\t\t\t<div class=\"elementor-widget-container\">\n\t\t\t\t\t\t\t<div class=\"elementor-spacer\">\n\t\t\t<div class=\"elementor-spacer-inner\"><\/div>\n\t\t<\/div>\n\t\t\t\t\t\t<\/div>\n\t\t\t\t<\/div>\n\t\t\t\t\t<\/div>\n\t\t<\/div>\n\t\t\t\t\t<\/div>\n\t\t<\/section>\n\t\t\t\t<\/div>\n\t\t","protected":false},"excerpt":{"rendered":"<p>Aviso legal M\u00f6hlenhoff GmbHMuseumstr. 54a38229 Salzgitterinfo@eazy-hydronic-solutions.com \u00a0 Authorized managing directors: Frank Geburek Responsible for the website: Frank Geburek \u00a0 EAZY Hydronic Solutions is a brand of M\u00f6hlenhoff GmbH Register court: District court Salzgitter Registration number: HRB 6042 VAT &#8211; identification number according to section 27a UStG: DE116880420 \u00a0 Endere\u00e7oEscritorio HildesheimHindenburgplatz 20DE-31134 Hildesheim \u00a0 Responsabilidade por [&hellip;]<\/p>\n","protected":false},"author":4,"featured_media":0,"parent":0,"menu_order":0,"comment_status":"closed","ping_status":"closed","template":"","meta":{"footnotes":""},"class_list":["post-7653","page","type-page","status-publish","hentry"],"_links":{"self":[{"href":"https:\/\/eazy-hydronic-solutions.com\/pt-br\/wp-json\/wp\/v2\/pages\/7653","targetHints":{"allow":["GET"]}}],"collection":[{"href":"https:\/\/eazy-hydronic-solutions.com\/pt-br\/wp-json\/wp\/v2\/pages"}],"about":[{"href":"https:\/\/eazy-hydronic-solutions.com\/pt-br\/wp-json\/wp\/v2\/types\/page"}],"author":[{"embeddable":true,"href":"https:\/\/eazy-hydronic-solutions.com\/pt-br\/wp-json\/wp\/v2\/users\/4"}],"replies":[{"embeddable":true,"href":"https:\/\/eazy-hydronic-solutions.com\/pt-br\/wp-json\/wp\/v2\/comments?post=7653"}],"version-history":[{"count":3,"href":"https:\/\/eazy-hydronic-solutions.com\/pt-br\/wp-json\/wp\/v2\/pages\/7653\/revisions"}],"predecessor-version":[{"id":12966,"href":"https:\/\/eazy-hydronic-solutions.com\/pt-br\/wp-json\/wp\/v2\/pages\/7653\/revisions\/12966"}],"wp:attachment":[{"href":"https:\/\/eazy-hydronic-solutions.com\/pt-br\/wp-json\/wp\/v2\/media?parent=7653"}],"curies":[{"name":"wp","href":"https:\/\/api.w.org\/{rel}","templated":true}]}}