{"id":7669,"date":"2022-10-28T13:11:03","date_gmt":"2022-10-28T11:11:03","guid":{"rendered":"https:\/\/hydronic-solutions.eazy-systems.de\/dev\/sustainability\/"},"modified":"2023-05-10T15:50:30","modified_gmt":"2023-05-10T13:50:30","slug":"sustainability","status":"publish","type":"page","link":"https:\/\/eazy-hydronic-solutions.com\/es\/sustainability\/","title":{"rendered":"Sostenibilidad"},"content":{"rendered":"\t\t<div data-elementor-type=\"wp-page\" data-elementor-id=\"7669\" class=\"elementor elementor-7669 elementor-557\" data-elementor-post-type=\"page\">\n\t\t\t\t\t\t<section data-particle_enable=\"false\" data-particle-mobile-disabled=\"false\" class=\"elementor-section elementor-top-section elementor-element elementor-element-02bd268 elementor-section-content-middle elementor-section-boxed elementor-section-height-default elementor-section-height-default\" data-id=\"02bd268\" data-element_type=\"section\" data-settings=\"{&quot;background_background&quot;:&quot;classic&quot;}\">\n\t\t\t\t\t\t<div class=\"elementor-container elementor-column-gap-custom\">\n\t\t\t\t\t<div class=\"elementor-column elementor-col-50 elementor-top-column elementor-element elementor-element-d6e1afd\" data-id=\"d6e1afd\" data-element_type=\"column\">\n\t\t\t<div class=\"elementor-widget-wrap elementor-element-populated\">\n\t\t\t\t\t\t<div class=\"elementor-element elementor-element-f3ee2d4 elementor-widget elementor-widget-heading\" data-id=\"f3ee2d4\" data-element_type=\"widget\" data-widget_type=\"heading.default\">\n\t\t\t\t<div class=\"elementor-widget-container\">\n\t\t\t\t\t<h1 class=\"elementor-heading-title elementor-size-default\">Responsabilidad<\/h1>\t\t\t\t<\/div>\n\t\t\t\t<\/div>\n\t\t\t\t<div class=\"elementor-element elementor-element-93a91c7 elementor-widget elementor-widget-heading\" data-id=\"93a91c7\" data-element_type=\"widget\" data-widget_type=\"heading.default\">\n\t\t\t\t<div class=\"elementor-widget-container\">\n\t\t\t\t\t<h2 class=\"elementor-heading-title elementor-size-default\">para todos<\/h2>\t\t\t\t<\/div>\n\t\t\t\t<\/div>\n\t\t\t\t\t<\/div>\n\t\t<\/div>\n\t\t\t\t<div class=\"elementor-column elementor-col-50 elementor-top-column elementor-element elementor-element-f5a2b41\" data-id=\"f5a2b41\" data-element_type=\"column\">\n\t\t\t<div class=\"elementor-widget-wrap\">\n\t\t\t\t\t\t\t<\/div>\n\t\t<\/div>\n\t\t\t\t\t<\/div>\n\t\t<\/section>\n\t\t<div data-particle_enable=\"false\" data-particle-mobile-disabled=\"false\" class=\"elementor-element elementor-element-f6f43c4 e-flex e-con-boxed e-con e-parent\" data-id=\"f6f43c4\" data-element_type=\"container\">\n\t\t\t\t\t<div class=\"e-con-inner\">\n\t\t\t\t<div class=\"elementor-element elementor-element-f284f05 elementor-widget elementor-widget-spacer\" data-id=\"f284f05\" data-element_type=\"widget\" data-widget_type=\"spacer.default\">\n\t\t\t\t<div class=\"elementor-widget-container\">\n\t\t\t\t\t\t\t<div class=\"elementor-spacer\">\n\t\t\t<div class=\"elementor-spacer-inner\"><\/div>\n\t\t<\/div>\n\t\t\t\t\t\t<\/div>\n\t\t\t\t<\/div>\n\t\t\t\t\t<\/div>\n\t\t\t\t<\/div>\n\t\t<div data-particle_enable=\"false\" data-particle-mobile-disabled=\"false\" class=\"elementor-element elementor-element-e214a8a e-flex e-con-boxed e-con e-parent\" data-id=\"e214a8a\" data-element_type=\"container\">\n\t\t\t\t\t<div class=\"e-con-inner\">\n\t\t<div data-particle_enable=\"false\" data-particle-mobile-disabled=\"false\" class=\"elementor-element elementor-element-227220b e-con-full e-flex e-con e-child\" data-id=\"227220b\" data-element_type=\"container\">\n\t\t\t\t<div class=\"elementor-element elementor-element-7173120 elementor-widget elementor-widget-image\" data-id=\"7173120\" data-element_type=\"widget\" data-widget_type=\"image.default\">\n\t\t\t\t<div class=\"elementor-widget-container\">\n\t\t\t\t\t\t\t\t\t\t\t\t\t\t\t<img fetchpriority=\"high\" decoding=\"async\" width=\"800\" height=\"559\" src=\"https:\/\/eazy-hydronic-solutions.com\/wp-content\/uploads\/2022\/07\/Nachaltigkeit-1024x715.png\" class=\"attachment-large size-large wp-image-11521\" alt=\"\" srcset=\"https:\/\/eazy-hydronic-solutions.com\/wp-content\/uploads\/2022\/07\/Nachaltigkeit-1024x715.png 1024w, https:\/\/eazy-hydronic-solutions.com\/wp-content\/uploads\/2022\/07\/Nachaltigkeit-300x209.png 300w, https:\/\/eazy-hydronic-solutions.com\/wp-content\/uploads\/2022\/07\/Nachaltigkeit-768x536.png 768w, https:\/\/eazy-hydronic-solutions.com\/wp-content\/uploads\/2022\/07\/Nachaltigkeit-1536x1072.png 1536w, https:\/\/eazy-hydronic-solutions.com\/wp-content\/uploads\/2022\/07\/Nachaltigkeit-2048x1429.png 2048w\" sizes=\"(max-width: 800px) 100vw, 800px\" \/>\t\t\t\t\t\t\t\t\t\t\t\t\t\t\t<\/div>\n\t\t\t\t<\/div>\n\t\t\t\t<\/div>\n\t\t<div data-particle_enable=\"false\" data-particle-mobile-disabled=\"false\" class=\"elementor-element elementor-element-66c3a84 e-con-full e-flex e-con e-child\" data-id=\"66c3a84\" data-element_type=\"container\">\n\t\t\t\t<div class=\"elementor-element elementor-element-fe5d757 elementor-widget elementor-widget-text-editor\" data-id=\"fe5d757\" data-element_type=\"widget\" data-widget_type=\"text-editor.default\">\n\t\t\t\t<div class=\"elementor-widget-container\">\n\t\t\t\t\t\t\t\t\t<p>M\u00f6hlenhoff GmbH lleva a\u00f1os cosechando \u00e9xitos con productos y servicios orientados al futuro. Pero nuestra tarea empresarial va m\u00e1s all\u00e1 de alcanzar el \u00e9xito econ\u00f3mico. Un principio firmemente anclado en nuestro sistema de valores es que el desarrollo empresarial con \u00e9xito a largo plazo siempre se produce en armon\u00eda con las personas y el medio ambiente.<\/p>\n<\/p>\n<p>A lo largo de todo el ciclo de vida del producto -desde el desarrollo, pasando por la producci\u00f3n y los procesos asociados, la log\u00edstica hasta la eliminaci\u00f3n- nos preocupamos conscientemente de minimizar el impacto ambiental.<\/p>\n<p><strong> <\/strong><\/p>\n<p><strong>Nuestro objetivo es el uso inteligente de materiales y energ\u00eda, as\u00ed como la consecuci\u00f3n del principio \u00abde la cuna a la cuna\u00bb y, por tanto, la conservaci\u00f3n continua de los recursos.<\/strong><\/p>\n<\/p>\n<p>Con el uso sostenible de nuestra naturaleza, asumimos activamente nuestra responsabilidad empresarial y creamos valor para nuestra generaci\u00f3n y las futuras.<\/p>\n\t\t\t\t\t\t\t\t<\/div>\n\t\t\t\t<\/div>\n\t\t\t\t<\/div>\n\t\t\t\t\t<\/div>\n\t\t\t\t<\/div>\n\t\t<div data-particle_enable=\"false\" data-particle-mobile-disabled=\"false\" class=\"elementor-element elementor-element-9425471 e-flex e-con-boxed e-con e-parent\" data-id=\"9425471\" data-element_type=\"container\">\n\t\t\t\t\t<div class=\"e-con-inner\">\n\t\t\t\t<div class=\"elementor-element elementor-element-8c270b3 elementor-widget elementor-widget-spacer\" data-id=\"8c270b3\" data-element_type=\"widget\" data-widget_type=\"spacer.default\">\n\t\t\t\t<div class=\"elementor-widget-container\">\n\t\t\t\t\t\t\t<div class=\"elementor-spacer\">\n\t\t\t<div class=\"elementor-spacer-inner\"><\/div>\n\t\t<\/div>\n\t\t\t\t\t\t<\/div>\n\t\t\t\t<\/div>\n\t\t\t\t\t<\/div>\n\t\t\t\t<\/div>\n\t\t\t\t<\/div>\n\t\t","protected":false},"excerpt":{"rendered":"<p>Responsabilidad para todos M\u00f6hlenhoff GmbH lleva a\u00f1os cosechando \u00e9xitos con productos y servicios orientados al futuro. Pero nuestra tarea empresarial va m\u00e1s all\u00e1 de alcanzar el \u00e9xito econ\u00f3mico. Un principio firmemente anclado en nuestro sistema de valores es que el desarrollo empresarial con \u00e9xito a largo plazo siempre se produce en armon\u00eda con las personas [&hellip;]<\/p>\n","protected":false},"author":4,"featured_media":0,"parent":0,"menu_order":0,"comment_status":"closed","ping_status":"closed","template":"","meta":{"footnotes":""},"class_list":["post-7669","page","type-page","status-publish","hentry"],"_links":{"self":[{"href":"https:\/\/eazy-hydronic-solutions.com\/es\/wp-json\/wp\/v2\/pages\/7669","targetHints":{"allow":["GET"]}}],"collection":[{"href":"https:\/\/eazy-hydronic-solutions.com\/es\/wp-json\/wp\/v2\/pages"}],"about":[{"href":"https:\/\/eazy-hydronic-solutions.com\/es\/wp-json\/wp\/v2\/types\/page"}],"author":[{"embeddable":true,"href":"https:\/\/eazy-hydronic-solutions.com\/es\/wp-json\/wp\/v2\/users\/4"}],"replies":[{"embeddable":true,"href":"https:\/\/eazy-hydronic-solutions.com\/es\/wp-json\/wp\/v2\/comments?post=7669"}],"version-history":[{"count":0,"href":"https:\/\/eazy-hydronic-solutions.com\/es\/wp-json\/wp\/v2\/pages\/7669\/revisions"}],"wp:attachment":[{"href":"https:\/\/eazy-hydronic-solutions.com\/es\/wp-json\/wp\/v2\/media?parent=7669"}],"curies":[{"name":"wp","href":"https:\/\/api.w.org\/{rel}","templated":true}]}}