{"id":7666,"date":"2022-10-28T13:11:05","date_gmt":"2022-10-28T11:11:05","guid":{"rendered":"https:\/\/hydronic-solutions.eazy-systems.de\/dev\/privacy\/"},"modified":"2023-07-10T11:27:55","modified_gmt":"2023-07-10T09:27:55","slug":"privacy","status":"publish","type":"page","link":"https:\/\/eazy-hydronic-solutions.com\/es\/privacy\/","title":{"rendered":"Protecci\u00f3n de datos"},"content":{"rendered":"\t\t<div data-elementor-type=\"wp-page\" data-elementor-id=\"7666\" class=\"elementor elementor-7666 elementor-563\" data-elementor-post-type=\"page\">\n\t\t\t\t\t\t<section data-particle_enable=\"false\" data-particle-mobile-disabled=\"false\" class=\"elementor-section elementor-top-section elementor-element elementor-element-3615d25 elementor-section-boxed elementor-section-height-default elementor-section-height-default\" data-id=\"3615d25\" data-element_type=\"section\">\n\t\t\t\t\t\t<div class=\"elementor-container elementor-column-gap-default\">\n\t\t\t\t\t<div class=\"elementor-column elementor-col-100 elementor-top-column elementor-element elementor-element-7fe28cd\" data-id=\"7fe28cd\" data-element_type=\"column\">\n\t\t\t<div class=\"elementor-widget-wrap elementor-element-populated\">\n\t\t\t\t\t\t<div class=\"elementor-element elementor-element-36df5a9 elementor-widget elementor-widget-spacer\" data-id=\"36df5a9\" data-element_type=\"widget\" data-widget_type=\"spacer.default\">\n\t\t\t\t<div class=\"elementor-widget-container\">\n\t\t\t\t\t\t\t<div class=\"elementor-spacer\">\n\t\t\t<div class=\"elementor-spacer-inner\"><\/div>\n\t\t<\/div>\n\t\t\t\t\t\t<\/div>\n\t\t\t\t<\/div>\n\t\t\t\t<div class=\"elementor-element elementor-element-2b69fac elementor-widget elementor-widget-heading\" data-id=\"2b69fac\" data-element_type=\"widget\" data-widget_type=\"heading.default\">\n\t\t\t\t<div class=\"elementor-widget-container\">\n\t\t\t\t\t<h2 class=\"elementor-heading-title elementor-size-default\">Protecci\u00f3n de datos<\/h2>\t\t\t\t<\/div>\n\t\t\t\t<\/div>\n\t\t\t\t<div class=\"elementor-element elementor-element-e45c15f elementor-widget elementor-widget-text-editor\" data-id=\"e45c15f\" data-element_type=\"widget\" data-widget_type=\"text-editor.default\">\n\t\t\t\t<div class=\"elementor-widget-container\">\n\t\t\t\t\t\t\t\t\t<p>M\u00f6hlenhoff GmbH es responsable de la recopilaci\u00f3n, procesamiento y uso de sus datos personales en el sentido de la Ley Federal de Protecci\u00f3n de Datos y la Ley de Telemedia.<br> Museumstr. 54a<br> 38229 Salzgitter<br> +49 53 41 \/ 8475-0<br> Telefax 0 53 41 \/ 8475-999<br>  Correo electr\u00f3nico: <a href=\"mailto:kontakt@moehlenhoff.de\">kontakt@moehlenhoff.de<\/a><br>  Internet: <a href=\"http:\/\/www.moehlenhoff.com\" target=\"_blank\">www.moehlenhoff.com<\/a><\/p>\n<p><br><\/p>\n<p>Con esta pol\u00edtica de privacidad informamos qu\u00e9 datos personales almacenamos y c\u00f3mo los utilizamos. Tambi\u00e9n descubrir\u00e1 qu\u00e9 derechos tiene con respecto al uso de sus datos. <\/p>\n<p>Por lo general, es posible utilizar nuestro sitio web sin necesidad de facilitar datos personales. Si en nuestras p\u00e1ginas se recogen datos personales (como nombre, direcci\u00f3n o direcciones de correo electr\u00f3nico), se hace siempre de forma voluntaria, por ejemplo para nuestro bolet\u00edn o el formulario de contacto. Estos datos no se transmitir\u00e1n a terceros sin su consentimiento expreso y s\u00f3lo se utilizar\u00e1n para la comunicaci\u00f3n directa entre usted y M\u00f6hlenhoff GmbH.<\/p>\n<p>Puede solicitar sus datos almacenados de nosotros en cualquier momento y eliminarlos si lo desea. Nos gustar\u00eda se\u00f1alar que la transmisi\u00f3n de datos en Internet (por ejemplo, cuando se comunica por correo electr\u00f3nico) puede tener lagunas de seguridad. No es posible una protecci\u00f3n completa de los datos contra el acceso de terceros.  <\/p>\n<p><strong><br><\/strong><\/p>\n<p><strong>Newsletter<\/strong><br>Para recibir nuestro bolet\u00edn, se requiere su direcci\u00f3n de correo electr\u00f3nico. Todos los dem\u00e1s datos personales son voluntarios y s\u00f3lo sirven para personalizar el bolet\u00edn. Antes de enviar el bolet\u00edn de noticias, debe confirmarnos expresamente que activemos el servicio de bolet\u00edn de noticias para usted como parte del denominado procedimiento de opt-in doble. A continuaci\u00f3n, recibir\u00e1 un correo electr\u00f3nico de confirmaci\u00f3n en el que le pediremos que haga clic en el enlace contenido en este correo electr\u00f3nico y confirme que desea recibir nuestro bolet\u00edn. Al final de cada bolet\u00edn encontrar\u00e1 un enlace para darse de baja en cualquier momento. Tambi\u00e9n puede darse de baja enviando un breve correo electr\u00f3nico a <a href=\"mailto:websupport@moehlenhoff.de\">websupport@moehlenhoff.de<\/a>.<\/p>\n<p>Su direcci\u00f3n de correo electr\u00f3nico solo ser\u00e1 utilizada por nosotros y no ser\u00e1 transmitida a terceros.<\/p>\n<p><strong><br><\/strong><\/p>\n<p><strong>Google Analytics<\/strong><\/p>\n<p>Este sitio web utiliza Google Analytics, un servicio de an\u00e1lisis web proporcionado por Google Inc. (\u00abGoogle\u00bb). Las \u00abcookies\u00bb son archivos de texto que se almacenan en su ordenador y que le permiten analizar su uso del sitio web. La informaci\u00f3n generada por la cookie sobre su uso de este sitio web generalmente se transmite a un servidor de Google en los Estados Unidos y se almacena all\u00ed. Sin embargo, si se activa el anonimato de IP en este sitio web, Google acortar\u00e1 su direcci\u00f3n IP en los Estados miembros de la Uni\u00f3n Europea o en otros Estados contratantes del Acuerdo sobre el Espacio Econ\u00f3mico Europeo. Solo en casos excepcionales se transmitir\u00e1 la direcci\u00f3n IP completa a un servidor de Google en los Estados Unidos y se acortar\u00e1 all\u00ed. En nombre del operador de este sitio web, Google utilizar\u00e1 esta informaci\u00f3n para evaluar su uso del sitio web, para recopilar informes sobre las actividades del sitio web y para proporcionar otros servicios relacionados con el uso del sitio web y el uso de Internet al operador del sitio web. La direcci\u00f3n IP transmitida por su navegador como parte de Google Analytics no se combina con otros datos de Google. Puede evitar el almacenamiento de cookies configurando el software de su navegador en consecuencia; sin embargo, nos gustar\u00eda se\u00f1alar que en este caso es posible que no pueda utilizar plenamente todas las funciones de este sitio web.       <\/p>\n<p>Tambi\u00e9n puede impedir la recopilaci\u00f3n de los datos generados por la cookie y relacionados con su uso del sitio web (incluida su direcci\u00f3n IP) a Google y el procesamiento de estos datos por Google haciendo clic en el siguiente enlace (<wpcode wptype=\"\">http:\/\/tools.google.com\/dlpage\/gaoptout?hl=de[\/]) descargar e instalar plugin navegador disponible. Puede evitar la recopilaci\u00f3n por Google Analytics haciendo clic en el siguiente enlace. Se establece una cookie de exclusi\u00f3n que impide la futura recopilaci\u00f3n de sus datos cuando visite este sitio web: [google_analytics_optout] Haga clic aqu\u00ed para darse de baja. [\/google_analytics_optout]   <\/p>\n<p>Puede encontrar m\u00e1s informaci\u00f3n sobre las condiciones de uso y la protecci\u00f3n de datos en <a href=\"http:\/\/www.google.com\/analytics\/terms\/de.html\">http:\/\/www.google.com\/ analytics\/terms\/de.html<\/a> o. <a href=\"\">https:\/\/www.google.de\/intl\/de\/policies\/<\/a>.We desea se\u00f1alar que Google Analytics se ha extendido al c\u00f3digo \u00abanonymizeIp\u00bb en este sitio web con el fin de garantizar la grabaci\u00f3n an\u00f3nima de direcciones IP (el llamado enmascaramiento de IP). Tambi\u00e9n utilizamos Google Analytics para evaluar los datos de AdWords y la cookie de doble clic con fines estad\u00edsticos. Si no lo desea, puede desactivarlo a trav\u00e9s del Administrador de preferencias de anuncios (<a href=\"\">http:\/\/www.google.com\/settings\/ads\/onweb\/?hl=de<\/a>).  <\/p>\n<p><strong><br><\/strong><\/p>\n<p><strong>Redes Sociales<\/strong><\/p>\n<p>Los botones de redes sociales como Facebook, LinkedIn u otras son s\u00f3lo enlaces a los perfiles de M\u00f6hlenhoff. All\u00ed no se recogen datos personales.<\/p>\t\t\t\t\t\t\t\t<\/div>\n\t\t\t\t<\/div>\n\t\t\t\t<div class=\"elementor-element elementor-element-0caa278 elementor-widget elementor-widget-spacer\" data-id=\"0caa278\" data-element_type=\"widget\" data-widget_type=\"spacer.default\">\n\t\t\t\t<div class=\"elementor-widget-container\">\n\t\t\t\t\t\t\t<div class=\"elementor-spacer\">\n\t\t\t<div class=\"elementor-spacer-inner\"><\/div>\n\t\t<\/div>\n\t\t\t\t\t\t<\/div>\n\t\t\t\t<\/div>\n\t\t\t\t\t<\/div>\n\t\t<\/div>\n\t\t\t\t\t<\/div>\n\t\t<\/section>\n\t\t\t\t<\/div>\n\t\t","protected":false},"excerpt":{"rendered":"<p>Protecci\u00f3n de datos M\u00f6hlenhoff GmbH es responsable de la recopilaci\u00f3n, procesamiento y uso de sus datos personales en el sentido de la Ley Federal de Protecci\u00f3n de Datos y la Ley de Telemedia. Museumstr. 54a 38229 Salzgitter +49 53 41 \/ 8475-0 Telefax 0 53 41 \/ 8475-999 Correo electr\u00f3nico: kontakt@moehlenhoff.de Internet: www.moehlenhoff.com Con esta [&hellip;]<\/p>\n","protected":false},"author":4,"featured_media":0,"parent":0,"menu_order":0,"comment_status":"closed","ping_status":"closed","template":"","meta":{"footnotes":""},"class_list":["post-7666","page","type-page","status-publish","hentry"],"_links":{"self":[{"href":"https:\/\/eazy-hydronic-solutions.com\/es\/wp-json\/wp\/v2\/pages\/7666","targetHints":{"allow":["GET"]}}],"collection":[{"href":"https:\/\/eazy-hydronic-solutions.com\/es\/wp-json\/wp\/v2\/pages"}],"about":[{"href":"https:\/\/eazy-hydronic-solutions.com\/es\/wp-json\/wp\/v2\/types\/page"}],"author":[{"embeddable":true,"href":"https:\/\/eazy-hydronic-solutions.com\/es\/wp-json\/wp\/v2\/users\/4"}],"replies":[{"embeddable":true,"href":"https:\/\/eazy-hydronic-solutions.com\/es\/wp-json\/wp\/v2\/comments?post=7666"}],"version-history":[{"count":3,"href":"https:\/\/eazy-hydronic-solutions.com\/es\/wp-json\/wp\/v2\/pages\/7666\/revisions"}],"predecessor-version":[{"id":12714,"href":"https:\/\/eazy-hydronic-solutions.com\/es\/wp-json\/wp\/v2\/pages\/7666\/revisions\/12714"}],"wp:attachment":[{"href":"https:\/\/eazy-hydronic-solutions.com\/es\/wp-json\/wp\/v2\/media?parent=7666"}],"curies":[{"name":"wp","href":"https:\/\/api.w.org\/{rel}","templated":true}]}}