{"id":7651,"date":"2022-10-28T13:11:04","date_gmt":"2022-10-28T11:11:04","guid":{"rendered":"https:\/\/hydronic-solutions.eazy-systems.de\/dev\/events\/"},"modified":"2023-05-11T08:47:02","modified_gmt":"2023-05-11T06:47:02","slug":"events","status":"publish","type":"page","link":"https:\/\/eazy-hydronic-solutions.com\/es\/events\/","title":{"rendered":"Eventos y exposiciones"},"content":{"rendered":"\t\t<div data-elementor-type=\"wp-page\" data-elementor-id=\"7651\" class=\"elementor elementor-7651 elementor-7650\" data-elementor-post-type=\"page\">\n\t\t\t\t\t\t<section data-particle_enable=\"false\" data-particle-mobile-disabled=\"false\" class=\"elementor-section elementor-top-section elementor-element elementor-element-74f57ce2 elementor-section-content-middle elementor-section-boxed elementor-section-height-default elementor-section-height-default\" data-id=\"74f57ce2\" data-element_type=\"section\" data-settings=\"{&quot;background_background&quot;:&quot;classic&quot;}\">\n\t\t\t\t\t\t<div class=\"elementor-container elementor-column-gap-custom\">\n\t\t\t\t\t<div class=\"elementor-column elementor-col-50 elementor-top-column elementor-element elementor-element-2779085f\" data-id=\"2779085f\" data-element_type=\"column\">\n\t\t\t<div class=\"elementor-widget-wrap elementor-element-populated\">\n\t\t\t\t\t\t<div class=\"elementor-element elementor-element-52eaf1e4 elementor-widget elementor-widget-heading\" data-id=\"52eaf1e4\" data-element_type=\"widget\" data-widget_type=\"heading.default\">\n\t\t\t\t<div class=\"elementor-widget-container\">\n\t\t\t\t\t<h1 class=\"elementor-heading-title elementor-size-default\">EAZY Fairs<\/h1>\t\t\t\t<\/div>\n\t\t\t\t<\/div>\n\t\t\t\t<div class=\"elementor-element elementor-element-7c961902 elementor-widget elementor-widget-heading\" data-id=\"7c961902\" data-element_type=\"widget\" data-widget_type=\"heading.default\">\n\t\t\t\t<div class=\"elementor-widget-container\">\n\t\t\t\t\t<h2 class=\"elementor-heading-title elementor-size-default\">Es sorprendentemente f\u00e1cil quedar<\/h2>\t\t\t\t<\/div>\n\t\t\t\t<\/div>\n\t\t\t\t\t<\/div>\n\t\t<\/div>\n\t\t\t\t<div class=\"elementor-column elementor-col-50 elementor-top-column elementor-element elementor-element-5763b62d\" data-id=\"5763b62d\" data-element_type=\"column\">\n\t\t\t<div class=\"elementor-widget-wrap\">\n\t\t\t\t\t\t\t<\/div>\n\t\t<\/div>\n\t\t\t\t\t<\/div>\n\t\t<\/section>\n\t\t<div data-particle_enable=\"false\" data-particle-mobile-disabled=\"false\" class=\"elementor-element elementor-element-52dc535 e-flex e-con-boxed e-con e-parent\" data-id=\"52dc535\" data-element_type=\"container\">\n\t\t\t\t\t<div class=\"e-con-inner\">\n\t\t\t\t<div class=\"elementor-element elementor-element-04831cd elementor-widget elementor-widget-spacer\" data-id=\"04831cd\" data-element_type=\"widget\" data-widget_type=\"spacer.default\">\n\t\t\t\t<div class=\"elementor-widget-container\">\n\t\t\t\t\t\t\t<div class=\"elementor-spacer\">\n\t\t\t<div class=\"elementor-spacer-inner\"><\/div>\n\t\t<\/div>\n\t\t\t\t\t\t<\/div>\n\t\t\t\t<\/div>\n\t\t\t\t\t<\/div>\n\t\t\t\t<\/div>\n\t\t<div data-particle_enable=\"false\" data-particle-mobile-disabled=\"false\" class=\"elementor-element elementor-element-181a910 e-flex e-con-boxed e-con e-parent\" data-id=\"181a910\" data-element_type=\"container\">\n\t\t\t\t\t<div class=\"e-con-inner\">\n\t\t<div data-particle_enable=\"false\" data-particle-mobile-disabled=\"false\" class=\"elementor-element elementor-element-4262260 e-con-full e-flex e-con e-child\" data-id=\"4262260\" data-element_type=\"container\">\n\t\t\t\t<div class=\"elementor-element elementor-element-31f6893 elementor-widget elementor-widget-image\" data-id=\"31f6893\" data-element_type=\"widget\" data-widget_type=\"image.default\">\n\t\t\t\t<div class=\"elementor-widget-container\">\n\t\t\t\t\t\t\t\t\t\t\t\t\t\t\t<img fetchpriority=\"high\" decoding=\"async\" width=\"800\" height=\"533\" src=\"https:\/\/eazy-hydronic-solutions.com\/wp-content\/uploads\/2023\/05\/0rdboadnbwm-1024x682.jpg\" class=\"attachment-large size-large wp-image-12533\" alt=\"\" srcset=\"https:\/\/eazy-hydronic-solutions.com\/wp-content\/uploads\/2023\/05\/0rdboadnbwm-1024x682.jpg 1024w, https:\/\/eazy-hydronic-solutions.com\/wp-content\/uploads\/2023\/05\/0rdboadnbwm-300x200.jpg 300w, https:\/\/eazy-hydronic-solutions.com\/wp-content\/uploads\/2023\/05\/0rdboadnbwm-768x512.jpg 768w, https:\/\/eazy-hydronic-solutions.com\/wp-content\/uploads\/2023\/05\/0rdboadnbwm-1536x1023.jpg 1536w, https:\/\/eazy-hydronic-solutions.com\/wp-content\/uploads\/2023\/05\/0rdboadnbwm.jpg 1600w\" sizes=\"(max-width: 800px) 100vw, 800px\" \/>\t\t\t\t\t\t\t\t\t\t\t\t\t\t\t<\/div>\n\t\t\t\t<\/div>\n\t\t\t\t<\/div>\n\t\t<div data-particle_enable=\"false\" data-particle-mobile-disabled=\"false\" class=\"elementor-element elementor-element-17c26e8 e-con-full e-flex e-con e-child\" data-id=\"17c26e8\" data-element_type=\"container\">\n\t\t\t\t<div class=\"elementor-element elementor-element-cc89ccb elementor-widget elementor-widget-text-editor\" data-id=\"cc89ccb\" data-element_type=\"widget\" data-widget_type=\"text-editor.default\">\n\t\t\t\t<div class=\"elementor-widget-container\">\n\t\t\t\t\t\t\t\t\t<p>La informaci\u00f3n estar\u00e1 disponible en breve.<\/p>\n\t\t\t\t\t\t\t\t<\/div>\n\t\t\t\t<\/div>\n\t\t\t\t<\/div>\n\t\t\t\t\t<\/div>\n\t\t\t\t<\/div>\n\t\t<div data-particle_enable=\"false\" data-particle-mobile-disabled=\"false\" class=\"elementor-element elementor-element-f6b33fa e-flex e-con-boxed e-con e-parent\" data-id=\"f6b33fa\" data-element_type=\"container\">\n\t\t\t\t\t<div class=\"e-con-inner\">\n\t\t\t\t<div class=\"elementor-element elementor-element-c0dc6fc elementor-widget elementor-widget-spacer\" data-id=\"c0dc6fc\" data-element_type=\"widget\" data-widget_type=\"spacer.default\">\n\t\t\t\t<div class=\"elementor-widget-container\">\n\t\t\t\t\t\t\t<div class=\"elementor-spacer\">\n\t\t\t<div class=\"elementor-spacer-inner\"><\/div>\n\t\t<\/div>\n\t\t\t\t\t\t<\/div>\n\t\t\t\t<\/div>\n\t\t\t\t\t<\/div>\n\t\t\t\t<\/div>\n\t\t\t\t<\/div>\n\t\t","protected":false},"excerpt":{"rendered":"<p>EAZY Fairs Es sorprendentemente f\u00e1cil quedar La informaci\u00f3n estar\u00e1 disponible en breve.<\/p>\n","protected":false},"author":4,"featured_media":0,"parent":0,"menu_order":0,"comment_status":"closed","ping_status":"closed","template":"","meta":{"footnotes":""},"class_list":["post-7651","page","type-page","status-publish","hentry"],"_links":{"self":[{"href":"https:\/\/eazy-hydronic-solutions.com\/es\/wp-json\/wp\/v2\/pages\/7651","targetHints":{"allow":["GET"]}}],"collection":[{"href":"https:\/\/eazy-hydronic-solutions.com\/es\/wp-json\/wp\/v2\/pages"}],"about":[{"href":"https:\/\/eazy-hydronic-solutions.com\/es\/wp-json\/wp\/v2\/types\/page"}],"author":[{"embeddable":true,"href":"https:\/\/eazy-hydronic-solutions.com\/es\/wp-json\/wp\/v2\/users\/4"}],"replies":[{"embeddable":true,"href":"https:\/\/eazy-hydronic-solutions.com\/es\/wp-json\/wp\/v2\/comments?post=7651"}],"version-history":[{"count":0,"href":"https:\/\/eazy-hydronic-solutions.com\/es\/wp-json\/wp\/v2\/pages\/7651\/revisions"}],"wp:attachment":[{"href":"https:\/\/eazy-hydronic-solutions.com\/es\/wp-json\/wp\/v2\/media?parent=7651"}],"curies":[{"name":"wp","href":"https:\/\/api.w.org\/{rel}","templated":true}]}}